{"id":2206,"date":"2018-11-16T15:17:51","date_gmt":"2018-11-16T14:17:51","guid":{"rendered":"https:\/\/sistemawalcon.com\/privacy-policy\/"},"modified":"2018-11-16T15:17:51","modified_gmt":"2018-11-16T14:17:51","slug":"privacy-policy","status":"publish","type":"page","link":"https:\/\/sistemawalcon.com\/es\/privacy-policy\/","title":{"rendered":"Privacy Policy"},"content":{"rendered":"<h3>Informativa Art. 13 D.Lgs. 196\/2003 per il trattamento dei dati.<\/h3>\n<p>Ai sensi del D.Lgs. 196\/2003, relativo alla tutela delle persone e di altri soggetti rispetto al trattamento dei dati personali, La informiamo che i dati da noi raccolti riguardanti la Sua persona, saranno utilizzati nel rispetto dei principi di correttezza, liceit\u00e0 e trasparenza e tutelando la tua riservatezza e i Suoi diritti.<br \/>\nWalcon Marine Ltd , informa inoltre ai sensi dell\u2019art. 13 del Codice Privacy ed in ottemperanza alle prescrizioni del Provvedimento 229\/2014 del Garante per la Protezione dei Dati Personali, che il presente sito utilizza le tipologie di cookie indicate al paragrafo sottostane relativo ai Cookies.<\/p>\n<p>Ai sensi dell&#8217;art. 13 del predetto decreto, Le forniamo le seguenti informazioni:<\/p>\n<p><strong>IL \u00abTITOLARE\u00bb DEL TRATTAMENTO<\/strong><\/p>\n<p>Il \u00abtitolare\u00bb del trattamento dei dati \u00e8 la ditta WALCON MARINE Ltd &#8211; Registered in England Reg. N\u00b01143519 &#8211; P. IVA GB 522 493455 Head office: Cockerell Close, Segensworth West, Fareham, Hants PO15 5SR &#8211; Regno Unito UK- nella persona del suo legale rappresentante.<\/p>\n<p><strong>LUOGO DI TRATTAMENTO DEI DATI<\/strong><\/p>\n<p>I trattamenti connessi ai servizi web di questo sito hanno luogo presso la sede della ditta e sono curati solo da personale tecnico dell\u2019 Ufficio incaricato del trattamento, oppure da eventuali incaricati di occasionali operazioni di manutenzione.<\/p>\n<p>Nessun dato derivante dal servizio web viene comunicato o diffuso.<\/p>\n<p>I dati personali forniti dagli utenti che si iscrivono all\u2019area riservata del sito sono utilizzati al solo fine di eseguire il servizio o la prestazione richiesta e sono comunicati a terzi nel solo caso in cui ci\u00f2 sia a tal fine necessario.<\/p>\n<p><strong>TIPI DI DATI TRATTATI<\/strong><\/p>\n<p>Dati di navigazione.<\/p>\n<p>I sistemi informatici e le procedure software preposte al funzionamento di questo sito web acquisiscono, nel corso del loro normale esercizio, alcuni dati personali la cui trasmissione \u00e8 implicita nell\u2019uso dei protocolli di comunicazione di Internet.<\/p>\n<p>Si tratta di informazioni che non sono raccolte per essere associate a interessati identificati, ma che per loro stessa natura potrebbero, attraverso elaborazioni ed associazioni con dati detenuti da terzi, permettere di identificare gli utenti.<\/p>\n<p>In questa categoria di dati rientrano gli indirizzi IP o i nomi a dominio dei computer utilizzati dagli utenti che si connettono al sito, gli indirizzi in notazione URI (Uniform Resource Identifier) delle risorse richieste, l\u2019orario della richiesta, il metodo utilizzato nel sottoporre la richiesta al server, la dimensione del file ottenuto in risposta, il codice numerico indicante lo stato della risposta data dal server (buon fine, errore, ecc.) ed altri parametri relativi al sistema operativo e all\u2019ambiente informatico dell\u2019utente.<\/p>\n<p>Questi dati vengono utilizzati al solo fine di ricavare informazioni statistiche anonime sull\u2019uso del sito e per controllarne il corretto funzionamento e vengono cancellati immediatamente dopo l\u2019elaborazione. I dati potrebbero essere utilizzati per l\u2019accertamento di responsabilit\u00e0 in caso di ipotetici reati informatici ai danni del sito: salva questa eventualit\u00e0, allo stato i dati sui contatti web non persistono per pi\u00f9 di sette giorni.<\/p>\n<p><strong>DATI FORNITI VOLONTARIAMENTE DALL&#8217;UTENTE<\/strong><\/p>\n<p>L\u2019invio facoltativo, esplicito e volontario di posta elettronica agli indirizzi indicati su questo sito comporta la successiva acquisizione dell\u2019indirizzo del mittente, necessario per rispondere alle richieste, nonch\u00e9 degli eventuali altri dati personali inseriti nella missiva.<\/p>\n<p>Specifiche informative di sintesi verranno progressivamente riportate o visualizzate nelle pagine del sito predisposte per particolari servizi a richiesta.<\/p>\n<p><strong>COOKIES<\/strong><\/p>\n<p>Nessun dato personale degli utenti viene in proposito acquisito dal sito.<\/p>\n<p>Non viene fatto uso di cookies per la trasmissione di informazioni di carattere personale, n\u00e9 vengono utilizzati c.d. cookies persistenti di alcun tipo, ovvero sistemi per il tracciamento degli utenti.<\/p>\n<p>L\u2019uso di c.d. cookies di sessione (che non vengono memorizzati in modo persistente sul computer dell\u2019utente e svaniscono con la chiusura del browser) \u00e8 strettamente limitato alla trasmissione di identificativi di sessione (costituiti da numeri casuali generati dal server) necessari per consentire l\u2019esplorazione sicura ed efficiente del sito. I c.d. cookies di sessione utilizzati in questo sito evitano il ricorso ad altre tecniche informatiche potenzialmente pregiudizievoli per la riservatezza della navigazione degli utenti e non consentono l\u2019 acquisizione di dati personali identificativi dell\u2019utente.<\/p>\n<p><strong>FACOLTATIVITA\u2019 DEL CONFERIMENTO DEI DATI<\/strong><\/p>\n<p>A parte quanto specificato per i dati di navigazione, l\u2019utente \u00e8 libero di fornire i dati personali riportati nei moduli di richiesta o comunque indicati in contatti con l&#8217;Ufficio per sollecitare l\u2019invio di materiale informativo o di altre comunicazioni.<\/p>\n<p>Il loro mancato conferimento pu\u00f2 comportare l\u2019impossibilit\u00e0 di ottenere quanto richiesto.<\/p>\n<p>Per completezza va ricordato che in alcuni casi (non oggetto dell\u2019 ordinaria gestione di questo sito) l\u2019Autorit\u00e0 pu\u00f2 richiedere notizie e informazioni ai sensi dell&#8217;art 157 del d.lgs. n. 196\/2003, ai fini del controllo sul trattamento dei dati personali. In questi casi la risposta \u00e8 obbligatoria a pena di sanzione amministrativa.<\/p>\n<p><strong>MODALITA\u2019 DEL TRATTAMENTO<\/strong><\/p>\n<p>I dati personali sono trattati con strumenti automatizzati per il tempo strettamente necessario a conseguire gli scopi per cui sono stati raccolti.<\/p>\n<p>Specifiche misure di sicurezza sono osservate per prevenire la perdita dei dati, usi illeciti o non corretti ed accessi non autorizzati.<\/p>\n<p>Gentile Utente,<br \/>\ndesideriamo informarLa, ai sensi dell&#8217;art. 13 del D. Lgs. 196\/2003, che Walcon Marine Ltd proceder\u00e0 al trattamento dei dati personali da Lei forniti nel rispetto del Codice in materia di protezione dei dati personali. In particolare, Le forniamo le seguenti informazioni:<\/p>\n<p>1. I dati da Lei forniti verranno trattati per le seguenti finalit\u00e0:<\/p>\n<p>\u00a7 invio della nostra NewsLetter mensile;<\/p>\n<p>\u00a7 consultazione catalogo e listino prodotti;<\/p>\n<p>\u00a7 eventuale acquisto prodotti;<\/p>\n<p>\u00a7 invio di Comunicazioni varie;<\/p>\n<p>\u00a7 per reperibilit\u00e0;<\/p>\n<p>\u00a7 inviti ad eventi informativi o promozionali.<\/p>\n<p>2. Il trattamento dei dati personali sar\u00e0 effettuato sia con l\u2019ausilio di strumenti informatici che mediante supporto cartaceo, attraverso mezzi adeguati per prevenire la perdita dei dati, usi illeciti o non corretti ed accessi non autorizzati.<\/p>\n<p>3. Il conferimento dei dati personali \u00e8 facoltativo. Tali dati sono comunque necessari per poter inviare la nostra NewsLetter e per poter accedere alla sezione di acquisto dei prodotti.<\/p>\n<p><strong>DIRITTI DEGLI INTERESSATI<\/strong><\/p>\n<p>I soggetti cui si riferiscono i dati personali hanno il diritto in qualunque momento di ottenere la conferma dell\u2019esistenza o meno dei medesimi dati e di conoscerne il contenuto e l\u2019origine, verificarne l\u2019 esattezza o chiederne l\u2019integrazione o l\u2019aggiornamento, oppure la rettificazione a Walcon Marine Ltd , all&#8217;indirizzo e-mail\u00a0\u00a0<a href=\"mailto:info@sistemawalcon.com\">info@sistemawalcon.com<\/a>\u00a0(art. 7 del d.lgs. n. 196\/2003).<\/p>\n<p>Ai sensi del medesimo articolo si ha il diritto di chiedere la cancellazione, la trasformazione in forma anonima o il blocco dei dati trattati in violazione di legge, nonch\u00e9 di opporsi in ogni caso, per motivi legittimi, al loro trattamento scrivendo a Walcon Marine Ltd , all&#8217;indirizzo e-mail\u00a0\u00a0<a href=\"mailto:info@sistemawalcon.com\">info@sistemawalcon.com<\/a>\u00a0.<\/p>\n<h3>Cookies utilizzati in questo sito<\/h3>\n<p>I seguenti cookie possono essere usati:\u00a0Google Analytics: __utma, __utmb, __utmc, __utmz, _ga, _gat. Usiamo Google Analytics per monitorare il traffico e le visite nel sito. Le grandezze principali che vengono misurate sono: \u00a0 il numero di visitatori, parole chiave di ricerca usate per trovarci, pagine visitate sul sito o il tempo speso all&#8217;interno del sito.<br \/>\nLe statistiche raccolte sono un requisito necessario per noi , al fine di fornire e migliorare i nostri prodotti e servizi, questo consente un valore aggiunto e ci aiuta a migliorare la leggibilit\u00e0 e la fruibilit\u00e0 dei contenuti.<\/p>\n<p>I cookies non identificano gli utenti n\u00e9 associano il vostro indirizzo IP a nessuna informazione di identificazione personale. Questi cookie vengono utilizzati per raccogliere informazioni su come gli utenti utilizzano il nostro sito in maniera aggregata.<\/p>\n<p>I cookies raccolgono informazioni in forma anonima, compreso il numero di visitatori del sito o ad esempio le pagine che hanno visitato. Informazioni pi\u00f9 dettagliate sono presenti a questo link:\u00a0<a href=\"https:\/\/support.google.com\/analytics\/answer\/6004245\" target=\"_blank\" rel=\"noopener\">Google Privacy Policy<\/a>Ulteriori informazioni su come google utilizza i cookies e su come questi possano essere disabilitati potr\u00e0 trovarle\u00a0ai seguenti links:\u00a0<a href=\"http:\/\/www.google.com\/intl\/it\/policies\/technologies\/types\/\" target=\"_blank\" rel=\"noopener\">Tipo di cookie utilizzati da google\u00a0<\/a><a href=\"https:\/\/developers.google.com\/analytics\/devguides\/collection\/analyticsjs\/cookie-usage\" target=\"_blank\" rel=\"noopener\">Analytics usage<\/a>\u00a0Desideriamo informarla che usiamo \u00a0il cookie denominato: accept_cookie_policy_walcon caso avesse accettato l&#8217;informativa sulla privacy e cookies. Nessuna informazione personale \u00e8 memorizzata in questo cookie, \u00e8 necessario per non riproporre all&#8217;utente che naviga all&#8217;interno del sito il banner relativo all&#8217;accettazione dei cookies. Inoltre desideriamo anche informarla che esiste un ulteriore cookie tecnico per identificare la sessione. Tale cookie \u00e8 denominato: PHPSESSID ed \u00e8 necessario per il corretto comportamento del sito.<\/p>\n<h3>Come disabilitare tutti i Cookies<\/h3>\n<p>Le ricordiamo che pu\u00f2\u00a0\u00a0rifiutare e\/o bloccare i cookies in qualsiasi momento grazie alle impostazioni del suo browser. Di seguito una lista di guide dei principali browser su come\u00a0eseguire questa operazione.<\/p>\n<ul>\n<li><a href=\"http:\/\/support.mozilla.com\/it\/kb\/Gestione+dei+cookie#Impostare_le_regole_per_i_cookie\">Gestione dei cookie in Firefox<\/a><\/li>\n<li><a href=\"http:\/\/windows.microsoft.com\/it-it\/internet-explorer\/delete-manage-cookies#ie=ie-11\">Gestione dei cookie in Internet Explorer 11<\/a><\/li>\n<li><a href=\"http:\/\/windows.microsoft.com\/it-it\/internet-explorer\/delete-manage-cookies#ie=ie-10\">Gestione dei cookie in Internet Explorer 10<\/a><\/li>\n<li><a href=\"http:\/\/windows.microsoft.com\/it-IT\/windows7\/How-to-manage-cookies-in-Internet-Explorer-9\">Gestione dei cookie in Internet Explorer 9<\/a><\/li>\n<li><a href=\"http:\/\/windows.microsoft.com\/it-IT\/windows-vista\/Block-or-allow-cookies\">Gestione dei cookie in Internet Explorer 7 e 8<\/a><\/li>\n<li><a href=\"http:\/\/help.opera.com\/Windows\/9.60\/it\/cookies.html\">Gestione dei cookie in Opera<\/a><\/li>\n<li><a href=\"http:\/\/safari.helpmax.net\/it\/privacy-e-sicurezza\/gestire-i-cookie\/\">Gestione dei cookie in Safari 3<\/a><\/li>\n<li><a href=\"http:\/\/www.google.com\/support\/chrome\/bin\/answer.py?hl=it&amp;answer=95647\">Gestione dei cookie in Google Chrome<\/a><\/li>\n<\/ul>\n","protected":false},"excerpt":{"rendered":"<p>Informativa Art. 13 D.Lgs. 196\/2003 per il trattamento dei dati. Ai sensi del D.Lgs. 196\/2003, relativo alla tutela delle persone e di altri soggetti rispetto al trattamento dei dati personali, La informiamo che i dati da noi raccolti riguardanti la Sua persona, saranno utilizzati nel rispetto dei principi di correttezza, liceit\u00e0 e trasparenza e tutelando [&hellip;]<\/p>\n","protected":false},"author":2,"featured_media":0,"parent":0,"menu_order":0,"comment_status":"closed","ping_status":"closed","template":"","meta":{"_et_pb_use_builder":"off","_et_pb_old_content":"<h3>Informativa Art. 13 D.Lgs. 196\/2003 per il trattamento dei dati.<\/h3>\nAi sensi del D.Lgs. 196\/2003, relativo alla tutela delle persone e di altri soggetti rispetto al trattamento dei dati personali, La informiamo che i dati da noi raccolti riguardanti la Sua persona, saranno utilizzati nel rispetto dei principi di correttezza, liceit\u00e0 e trasparenza e tutelando la tua riservatezza e i Suoi diritti.\nWalcon Marine Ltd , informa inoltre ai sensi dell\u2019art. 13 del Codice Privacy ed in ottemperanza alle prescrizioni del Provvedimento 229\/2014 del Garante per la Protezione dei Dati Personali, che il presente sito utilizza le tipologie di cookie indicate al paragrafo sottostane relativo ai Cookies.\n\nAi sensi dell'art. 13 del predetto decreto, Le forniamo le seguenti informazioni:\n\n<strong>IL \"TITOLARE\" DEL TRATTAMENTO<\/strong>\n\nIl \"titolare\" del trattamento dei dati \u00e8 la ditta WALCON MARINE Ltd - Registered in England Reg. N\u00b01143519 - P. IVA GB 522 493455 Head office: Cockerell Close, Segensworth West, Fareham, Hants PO15 5SR - Regno Unito UK- nella persona del suo legale rappresentante.\n\n<strong>LUOGO DI TRATTAMENTO DEI DATI<\/strong>\n\nI trattamenti connessi ai servizi web di questo sito hanno luogo presso la sede della ditta e sono curati solo da personale tecnico dell\u2019 Ufficio incaricato del trattamento, oppure da eventuali incaricati di occasionali operazioni di manutenzione.\n\nNessun dato derivante dal servizio web viene comunicato o diffuso.\n\nI dati personali forniti dagli utenti che si iscrivono all\u2019area riservata del sito sono utilizzati al solo fine di eseguire il servizio o la prestazione richiesta e sono comunicati a terzi nel solo caso in cui ci\u00f2 sia a tal fine necessario.\n\n<strong>TIPI DI DATI TRATTATI<\/strong>\n\nDati di navigazione.\n\nI sistemi informatici e le procedure software preposte al funzionamento di questo sito web acquisiscono, nel corso del loro normale esercizio, alcuni dati personali la cui trasmissione \u00e8 implicita nell\u2019uso dei protocolli di comunicazione di Internet.\n\nSi tratta di informazioni che non sono raccolte per essere associate a interessati identificati, ma che per loro stessa natura potrebbero, attraverso elaborazioni ed associazioni con dati detenuti da terzi, permettere di identificare gli utenti.\n\nIn questa categoria di dati rientrano gli indirizzi IP o i nomi a dominio dei computer utilizzati dagli utenti che si connettono al sito, gli indirizzi in notazione URI (Uniform Resource Identifier) delle risorse richieste, l\u2019orario della richiesta, il metodo utilizzato nel sottoporre la richiesta al server, la dimensione del file ottenuto in risposta, il codice numerico indicante lo stato della risposta data dal server (buon fine, errore, ecc.) ed altri parametri relativi al sistema operativo e all\u2019ambiente informatico dell\u2019utente.\n\nQuesti dati vengono utilizzati al solo fine di ricavare informazioni statistiche anonime sull\u2019uso del sito e per controllarne il corretto funzionamento e vengono cancellati immediatamente dopo l\u2019elaborazione. I dati potrebbero essere utilizzati per l\u2019accertamento di responsabilit\u00e0 in caso di ipotetici reati informatici ai danni del sito: salva questa eventualit\u00e0, allo stato i dati sui contatti web non persistono per pi\u00f9 di sette giorni.\n\n<strong>DATI FORNITI VOLONTARIAMENTE DALL'UTENTE<\/strong>\n\nL\u2019invio facoltativo, esplicito e volontario di posta elettronica agli indirizzi indicati su questo sito comporta la successiva acquisizione dell\u2019indirizzo del mittente, necessario per rispondere alle richieste, nonch\u00e9 degli eventuali altri dati personali inseriti nella missiva.\n\nSpecifiche informative di sintesi verranno progressivamente riportate o visualizzate nelle pagine del sito predisposte per particolari servizi a richiesta.\n\n<strong>COOKIES<\/strong>\n\nNessun dato personale degli utenti viene in proposito acquisito dal sito.\n\nNon viene fatto uso di cookies per la trasmissione di informazioni di carattere personale, n\u00e9 vengono utilizzati c.d. cookies persistenti di alcun tipo, ovvero sistemi per il tracciamento degli utenti.\n\nL\u2019uso di c.d. cookies di sessione (che non vengono memorizzati in modo persistente sul computer dell\u2019utente e svaniscono con la chiusura del browser) \u00e8 strettamente limitato alla trasmissione di identificativi di sessione (costituiti da numeri casuali generati dal server) necessari per consentire l\u2019esplorazione sicura ed efficiente del sito. I c.d. cookies di sessione utilizzati in questo sito evitano il ricorso ad altre tecniche informatiche potenzialmente pregiudizievoli per la riservatezza della navigazione degli utenti e non consentono l\u2019 acquisizione di dati personali identificativi dell\u2019utente.\n\n<strong>FACOLTATIVITA\u2019 DEL CONFERIMENTO DEI DATI<\/strong>\n\nA parte quanto specificato per i dati di navigazione, l\u2019utente \u00e8 libero di fornire i dati personali riportati nei moduli di richiesta o comunque indicati in contatti con l'Ufficio per sollecitare l\u2019invio di materiale informativo o di altre comunicazioni.\n\nIl loro mancato conferimento pu\u00f2 comportare l\u2019impossibilit\u00e0 di ottenere quanto richiesto.\n\nPer completezza va ricordato che in alcuni casi (non oggetto dell\u2019 ordinaria gestione di questo sito) l\u2019Autorit\u00e0 pu\u00f2 richiedere notizie e informazioni ai sensi dell'art 157 del d.lgs. n. 196\/2003, ai fini del controllo sul trattamento dei dati personali. In questi casi la risposta \u00e8 obbligatoria a pena di sanzione amministrativa.\n\n<strong>MODALITA\u2019 DEL TRATTAMENTO<\/strong>\n\nI dati personali sono trattati con strumenti automatizzati per il tempo strettamente necessario a conseguire gli scopi per cui sono stati raccolti.\n\nSpecifiche misure di sicurezza sono osservate per prevenire la perdita dei dati, usi illeciti o non corretti ed accessi non autorizzati.\n\nGentile Utente,\ndesideriamo informarLa, ai sensi dell'art. 13 del D. Lgs. 196\/2003, che Walcon Marine Ltd proceder\u00e0 al trattamento dei dati personali da Lei forniti nel rispetto del Codice in materia di protezione dei dati personali. In particolare, Le forniamo le seguenti informazioni:\n\n1. I dati da Lei forniti verranno trattati per le seguenti finalit\u00e0:\n\n\u00a7 invio della nostra NewsLetter mensile;\n\n\u00a7 consultazione catalogo e listino prodotti;\n\n\u00a7 eventuale acquisto prodotti;\n\n\u00a7 invio di Comunicazioni varie;\n\n\u00a7 per reperibilit\u00e0;\n\n\u00a7 inviti ad eventi informativi o promozionali.\n\n2. Il trattamento dei dati personali sar\u00e0 effettuato sia con l\u2019ausilio di strumenti informatici che mediante supporto cartaceo, attraverso mezzi adeguati per prevenire la perdita dei dati, usi illeciti o non corretti ed accessi non autorizzati.\n\n3. Il conferimento dei dati personali \u00e8 facoltativo. Tali dati sono comunque necessari per poter inviare la nostra NewsLetter e per poter accedere alla sezione di acquisto dei prodotti.\n\n<strong>DIRITTI DEGLI INTERESSATI<\/strong>\n\nI soggetti cui si riferiscono i dati personali hanno il diritto in qualunque momento di ottenere la conferma dell\u2019esistenza o meno dei medesimi dati e di conoscerne il contenuto e l\u2019origine, verificarne l\u2019 esattezza o chiederne l\u2019integrazione o l\u2019aggiornamento, oppure la rettificazione a Walcon Marine Ltd , all'indirizzo e-mail&nbsp;&nbsp;<a href=\"mailto:info@sistemawalcon.com\">info@sistemawalcon.com<\/a>&nbsp;(art. 7 del d.lgs. n. 196\/2003).\n\nAi sensi del medesimo articolo si ha il diritto di chiedere la cancellazione, la trasformazione in forma anonima o il blocco dei dati trattati in violazione di legge, nonch\u00e9 di opporsi in ogni caso, per motivi legittimi, al loro trattamento scrivendo a Walcon Marine Ltd , all'indirizzo e-mail&nbsp;&nbsp;<a href=\"mailto:info@sistemawalcon.com\">info@sistemawalcon.com<\/a>&nbsp;.\n<h3>Cookies utilizzati in questo sito<\/h3>\nI seguenti cookie possono essere usati:&nbsp;Google Analytics: __utma, __utmb, __utmc, __utmz, _ga, _gat. Usiamo Google Analytics per monitorare il traffico e le visite nel sito. Le grandezze principali che vengono misurate sono: &nbsp; il numero di visitatori, parole chiave di ricerca usate per trovarci, pagine visitate sul sito o il tempo speso all'interno del sito.\nLe statistiche raccolte sono un requisito necessario per noi , al fine di fornire e migliorare i nostri prodotti e servizi, questo consente un valore aggiunto e ci aiuta a migliorare la leggibilit\u00e0 e la fruibilit\u00e0 dei contenuti.\n\nI cookies non identificano gli utenti n\u00e9 associano il vostro indirizzo IP a nessuna informazione di identificazione personale. Questi cookie vengono utilizzati per raccogliere informazioni su come gli utenti utilizzano il nostro sito in maniera aggregata.\n\nI cookies raccolgono informazioni in forma anonima, compreso il numero di visitatori del sito o ad esempio le pagine che hanno visitato. Informazioni pi\u00f9 dettagliate sono presenti a questo link:&nbsp;<a href=\"https:\/\/support.google.com\/analytics\/answer\/6004245\" target=\"_blank\" rel=\"noopener\">Google Privacy Policy<\/a>Ulteriori informazioni su come google utilizza i cookies e su come questi possano essere disabilitati potr\u00e0 trovarle&nbsp;ai seguenti links:&nbsp;<a href=\"http:\/\/www.google.com\/intl\/it\/policies\/technologies\/types\/\" target=\"_blank\" rel=\"noopener\">Tipo di cookie utilizzati da google&nbsp;<\/a><a href=\"https:\/\/developers.google.com\/analytics\/devguides\/collection\/analyticsjs\/cookie-usage\" target=\"_blank\" rel=\"noopener\">Analytics usage<\/a>&nbsp;Desideriamo informarla che usiamo &nbsp;il cookie denominato: accept_cookie_policy_walcon caso avesse accettato l'informativa sulla privacy e cookies. Nessuna informazione personale \u00e8 memorizzata in questo cookie, \u00e8 necessario per non riproporre all'utente che naviga all'interno del sito il banner relativo all'accettazione dei cookies. Inoltre desideriamo anche informarla che esiste un ulteriore cookie tecnico per identificare la sessione. Tale cookie \u00e8 denominato: PHPSESSID ed \u00e8 necessario per il corretto comportamento del sito.\n<h3>Come disabilitare tutti i Cookies<\/h3>\nLe ricordiamo che pu\u00f2&nbsp;&nbsp;rifiutare e\/o bloccare i cookies in qualsiasi momento grazie alle impostazioni del suo browser. Di seguito una lista di guide dei principali browser su come&nbsp;eseguire questa operazione.\n<ul>\n \t<li><a href=\"http:\/\/support.mozilla.com\/it\/kb\/Gestione+dei+cookie#Impostare_le_regole_per_i_cookie\">Gestione dei cookie in Firefox<\/a><\/li>\n \t<li><a href=\"http:\/\/windows.microsoft.com\/it-it\/internet-explorer\/delete-manage-cookies#ie=ie-11\">Gestione dei cookie in Internet Explorer 11<\/a><\/li>\n \t<li><a href=\"http:\/\/windows.microsoft.com\/it-it\/internet-explorer\/delete-manage-cookies#ie=ie-10\">Gestione dei cookie in Internet Explorer 10<\/a><\/li>\n \t<li><a href=\"http:\/\/windows.microsoft.com\/it-IT\/windows7\/How-to-manage-cookies-in-Internet-Explorer-9\">Gestione dei cookie in Internet Explorer 9<\/a><\/li>\n \t<li><a href=\"http:\/\/windows.microsoft.com\/it-IT\/windows-vista\/Block-or-allow-cookies\">Gestione dei cookie in Internet Explorer 7 e 8<\/a><\/li>\n \t<li><a href=\"http:\/\/help.opera.com\/Windows\/9.60\/it\/cookies.html\">Gestione dei cookie in Opera<\/a><\/li>\n \t<li><a href=\"http:\/\/safari.helpmax.net\/it\/privacy-e-sicurezza\/gestire-i-cookie\/\">Gestione dei cookie in Safari 3<\/a><\/li>\n \t<li><a href=\"http:\/\/www.google.com\/support\/chrome\/bin\/answer.py?hl=it&amp;answer=95647\">Gestione dei cookie in Google Chrome<\/a><\/li>\n<\/ul>","_et_gb_content_width":"","footnotes":""},"class_list":["post-2206","page","type-page","status-publish","hentry"],"acf":[],"_links":{"self":[{"href":"https:\/\/sistemawalcon.com\/es\/wp-json\/wp\/v2\/pages\/2206","targetHints":{"allow":["GET"]}}],"collection":[{"href":"https:\/\/sistemawalcon.com\/es\/wp-json\/wp\/v2\/pages"}],"about":[{"href":"https:\/\/sistemawalcon.com\/es\/wp-json\/wp\/v2\/types\/page"}],"author":[{"embeddable":true,"href":"https:\/\/sistemawalcon.com\/es\/wp-json\/wp\/v2\/users\/2"}],"replies":[{"embeddable":true,"href":"https:\/\/sistemawalcon.com\/es\/wp-json\/wp\/v2\/comments?post=2206"}],"version-history":[{"count":0,"href":"https:\/\/sistemawalcon.com\/es\/wp-json\/wp\/v2\/pages\/2206\/revisions"}],"wp:attachment":[{"href":"https:\/\/sistemawalcon.com\/es\/wp-json\/wp\/v2\/media?parent=2206"}],"curies":[{"name":"wp","href":"https:\/\/api.w.org\/{rel}","templated":true}]}}