{"id":2191,"date":"2018-11-16T15:09:53","date_gmt":"2018-11-16T14:09:53","guid":{"rendered":"https:\/\/sistemawalcon.com\/home\/"},"modified":"2018-11-16T15:32:47","modified_gmt":"2018-11-16T14:32:47","slug":"home","status":"publish","type":"page","link":"https:\/\/sistemawalcon.com\/es\/","title":{"rendered":"Home"},"content":{"rendered":"<p>[et_pb_section bb_built=\u00bb1&#8243; _builder_version=\u00bb3.9&#8243; custom_margin=\u00bb0px|0px|0px|0px\u00bb custom_padding=\u00bb0|0px|0|0px|false|false\u00bb bottom_divider_height=\u00bb7px\u00bb next_background_color=\u00bb#1a3660&#8243;][et_pb_row use_custom_width=\u00bbon\u00bb width_unit=\u00bboff\u00bb custom_width_percent=\u00bb100%\u00bb custom_padding=\u00bb0|0px|0|0px|false|false\u00bb _builder_version=\u00bb3.9&#8243; module_alignment=\u00bbcenter\u00bb][et_pb_column type=\u00bb4_4&#8243;][et_pb_gallery gallery_ids=\u00bb722,723,721&#8243; fullwidth=\u00bbon\u00bb _builder_version=\u00bb3.9&#8243; title_font=\u00bb||||||||\u00bb custom_margin=\u00bb0px|0px|-1px|0px\u00bb custom_padding=\u00bb0px|0px|0px|0px\u00bb]<br \/>\n[\/et_pb_gallery][\/et_pb_column][\/et_pb_row][et_pb_row use_custom_width=\u00bbon\u00bb width_unit=\u00bboff\u00bb custom_width_percent=\u00bb100%\u00bb custom_padding=\u00bb60px|0px|60px|0px|false|false\u00bb background_size_1=\u00bbinitial\u00bb background_position_1=\u00bbtop_left\u00bb _builder_version=\u00bb3.9&#8243; module_alignment=\u00bbcenter\u00bb][et_pb_column type=\u00bb4_4&#8243;][et_pb_image src=\u00bbhttps:\/\/sistemawalcon.com\/wp-content\/uploads\/2018\/08\/sistemawalcon-1.png\u00bb align=\u00bbcenter\u00bb _builder_version=\u00bb3.14&#8243; max_width=\u00bb79%\u00bb module_alignment=\u00bbcenter\u00bb]<br \/>\n[\/et_pb_image][et_pb_text _builder_version=\u00bb3.9&#8243; text_font=\u00bbRoboto|300|||||||\u00bb text_text_color=\u00bb#000000&#8243; text_font_size=\u00bb18px\u00bb text_line_height=\u00bb1.8em\u00bb header_font=\u00bb||||||||\u00bb header_text_align=\u00bbcenter\u00bb header_text_color=\u00bb#0C71C3&#8243; header_line_height=\u00bb1.2em\u00bb header_2_font=\u00bb||||||||\u00bb header_3_font=\u00bb||||||||\u00bb header_3_line_height=\u00bb1.2em\u00bb header_4_font=\u00bb||||||||\u00bb header_4_line_height=\u00bb1.2em\u00bb header_5_font=\u00bbRoboto|300|||||||\u00bb header_5_text_align=\u00bbcenter\u00bb header_5_text_color=\u00bb#193660&#8243; header_5_font_size=\u00bb20px\u00bb header_5_line_height=\u00bb1.3em\u00bb header_6_font=\u00bb||||||||\u00bb text_orientation=\u00bbcenter\u00bb]<\/p>\n<p>Desde 1963, con pasi\u00f3n, realizamos estructuras de amarre, muelles flotantes, atenuadores de olas, estructuras especiales, instalaciones para deportes acu\u00e1ticos.<br \/>\nDesde la gran marina hasta el peque\u00f1o puerto, con la misma precisi\u00f3n t\u00e9cnica y gran atenci\u00f3n a la seguridad y el medio ambiente.<br \/>\nHoy en d\u00eda, la marca WALCON es un valor a\u00f1adido, en Italia y en el mundo, sin\u00f3nimo de calidad, innovaci\u00f3n y dise\u00f1o.<\/p>\n<p>[\/et_pb_text][\/et_pb_column][\/et_pb_row][\/et_pb_section][et_pb_section bb_built=\u00bb1&#8243; _builder_version=\u00bb3.9&#8243; background_color=\u00bb#1a3660&#8243; module_alignment=\u00bbleft\u00bb custom_padding=\u00bb0|0px|0|0px|false|false\u00bb prev_background_color=\u00bb#ffffff\u00bb next_background_color=\u00bb#ffffff\u00bb][et_pb_row use_custom_width=\u00bbon\u00bb width_unit=\u00bboff\u00bb custom_width_percent=\u00bb100%\u00bb custom_padding=\u00bb0|21px|0|0px|false|false\u00bb make_equal=\u00bbon\u00bb _builder_version=\u00bb3.9&#8243; module_alignment=\u00bbcenter\u00bb][et_pb_column type=\u00bb1_3&#8243;][et_pb_image src=\u00bbhttps:\/\/sistemawalcon.com\/wp-content\/uploads\/2018\/09\/pontile2.png\u00bb align=\u00bbcenter\u00bb force_fullwidth=\u00bbon\u00bb _builder_version=\u00bb3.9&#8243;]<br \/>\n[\/et_pb_image][\/et_pb_column][et_pb_column type=\u00bb2_3&#8243;][et_pb_text _builder_version=\u00bb3.9&#8243; text_font=\u00bbRoboto|300|||||||\u00bb text_text_color=\u00bb#ffffff\u00bb quote_font=\u00bb||||||||\u00bb header_font=\u00bbRoboto|300|||||||\u00bb header_font_size=\u00bb37px\u00bb header_2_font=\u00bbRoboto|300|||||||\u00bb header_2_text_align=\u00bbright\u00bb header_2_text_color=\u00bb#ffffff\u00bb header_2_font_size=\u00bb41px\u00bb header_3_font=\u00bb||||||||\u00bb header_3_text_align=\u00bbcenter\u00bb header_4_font=\u00bb||||||||\u00bb header_4_text_align=\u00bbcenter\u00bb header_5_font=\u00bb||||||||\u00bb header_5_text_align=\u00bbleft\u00bb header_6_font=\u00bb||||||||\u00bb header_6_text_align=\u00bbcenter\u00bb max_width=\u00bb90%\u00bb module_alignment=\u00bbcenter\u00bb custom_margin=\u00bb50px|||\u00bb]<\/p>\n<h2 style = \"text-align: right;\"> WPC MARINE <\/h2>\n<p style = \"text-align: right;\"> <strong> Wood Polymer Composite <\/strong> (WPC) es un material compuesto innovador obtenido por extrusi\u00f3n de <strong> 100% reciclable <\/strong> (polvo de madera dura seleccionada 50%, 35% polietileno de alta densidad, aditivos y colorantes 15%). Resultado de la investigaci\u00f3n continua de nuevos materiales, con especial atenci\u00f3n al medio ambiente. Es un producto dise\u00f1ado para mejorar el rendimiento de la madera, que conserva su elegancia, apariencia agradable y trabajabilidad. Entre sus propiedades se encuentran la alta estabilidad dimensional, buenas caracter\u00edsticas f\u00edsicas y mec\u00e1nicas, excelente resistencia al envejecimiento, agentes atmosf\u00e9ricos, microorganismos, hongos e insectos. No requiere tratamientos de protecci\u00f3n o mantenimiento especial. <Strong><br \/>\n<\/strong> <\/p>\n<p style = \"text-align: right;\"> <strong> Garantiza altos est\u00e1ndares de seguridad. <\/strong> <\/p>\n<p>[\/et_pb_text][\/et_pb_column][\/et_pb_row][\/et_pb_section][et_pb_section bb_built=\u00bb1&#8243; _builder_version=\u00bb3.9&#8243; custom_padding=\u00bb60px|0px|0|0px|false|false\u00bb prev_background_color=\u00bb#1a3660&#8243;][et_pb_row use_custom_width=\u00bbon\u00bb width_unit=\u00bboff\u00bb custom_width_percent=\u00bb90%\u00bb use_custom_gutter=\u00bbon\u00bb gutter_width=\u00bb2&#8243; custom_padding=\u00bb0|0px|52px|0px|false|false\u00bb make_equal=\u00bbon\u00bb _builder_version=\u00bb3.9&#8243;][et_pb_column type=\u00bb1_2&#8243;][et_pb_text _builder_version=\u00bb3.14&#8243; header_2_font=\u00bbRoboto|300|||||||\u00bb header_2_text_align=\u00bbcenter\u00bb header_2_text_color=\u00bb#193660&#8243; header_2_font_size=\u00bb40px\u00bb border_style_all=\u00bbdashed\u00bb border_color_bottom=\u00bb#0C71C3&#8243; custom_padding=\u00bb||0px|\u00bb animation_style=\u00bbfade\u00bb]<\/p>\n<h2 style=\"text-align: center;\"><a href=\"https:\/\/sistemawalcon.com\/es\/references\/\">Realizaciones<\/a><\/h2>\n<p>[\/et_pb_text][et_pb_portfolio fullwidth=\u00bboff\u00bb posts_number=\u00bb4&#8243; include_categories=\u00bb8,11,10&#8243; show_pagination=\u00bboff\u00bb zoom_icon_color=\u00bb#0c71c3&#8243; hover_icon=\u00bb%%28%%\u00bb _builder_version=\u00bb3.9&#8243; title_font=\u00bbRoboto|300|||||||\u00bb title_text_align=\u00bbcenter\u00bb caption_font=\u00bb|300|||||||\u00bb caption_text_align=\u00bbcenter\u00bb caption_text_color=\u00bb#7e2c47&#8243; pagination_font=\u00bbRoboto|300|||||||\u00bb]<br \/>\n[\/et_pb_portfolio][\/et_pb_column][et_pb_column type=\u00bb1_2&#8243;][et_pb_text _builder_version=\u00bb3.9&#8243; header_font=\u00bb||||||||\u00bb header_2_font=\u00bb|300|||||||\u00bb header_2_text_align=\u00bbcenter\u00bb header_2_text_color=\u00bb#193660&#8243; header_2_font_size=\u00bb40px\u00bb header_3_font=\u00bb||||||||\u00bb border_style_all=\u00bbdashed\u00bb border_color_bottom=\u00bb#0C71C3&#8243; custom_padding=\u00bb||0px|\u00bb animation_style=\u00bbfade\u00bb]<\/p>\n<h2 style=\"text-align: center;\"><a href=\"https:\/\/sistemawalcon.com\/es\/news\/\">News<\/a><\/h2>\n<p>[\/et_pb_text][et_pb_blog fullwidth=\u00bboff\u00bb posts_number=\u00bb1&#8243; include_categories=\u00bb12&#8243; show_more=\u00bbon\u00bb show_author=\u00bboff\u00bb show_date=\u00bboff\u00bb show_categories=\u00bboff\u00bb show_pagination=\u00bboff\u00bb _builder_version=\u00bb3.9&#8243; header_font=\u00bbRoboto|300|||||||\u00bb header_font_size=\u00bb20px\u00bb body_font=\u00bbRoboto|300|||||||\u00bb body_text_align=\u00bbcenter\u00bb body_font_size=\u00bb10px\u00bb meta_font=\u00bb||||||||\u00bb pagination_font=\u00bb||||||||\u00bb pagination_text_color=\u00bb#e02b20&#8243; border_width_all=\u00bb0px\u00bb border_width_bottom=\u00bb1px\u00bb border_color_bottom=\u00bb#7e2c47&#8243; box_shadow_style=\u00bbpreset1&#8243; text_orientation=\u00bbcenter\u00bb module_alignment=\u00bbleft\u00bb]<br \/>\n[\/et_pb_blog][\/et_pb_column][\/et_pb_row][\/et_pb_section]<\/p>\n","protected":false},"excerpt":{"rendered":"<p>Desde 1963, con pasi\u00f3n, realizamos estructuras de amarre, muelles flotantes, atenuadores de olas, estructuras especiales, instalaciones para deportes acu\u00e1ticos. Desde la gran marina hasta el peque\u00f1o puerto, con la misma precisi\u00f3n t\u00e9cnica y gran atenci\u00f3n a la seguridad y el medio ambiente. Hoy en d\u00eda, la marca WALCON es un valor a\u00f1adido, en Italia y [&hellip;]<\/p>\n","protected":false},"author":2,"featured_media":0,"parent":0,"menu_order":0,"comment_status":"closed","ping_status":"closed","template":"","meta":{"_et_pb_use_builder":"on","_et_pb_old_content":"","_et_gb_content_width":"","footnotes":""},"class_list":["post-2191","page","type-page","status-publish","hentry"],"acf":[],"_links":{"self":[{"href":"https:\/\/sistemawalcon.com\/es\/wp-json\/wp\/v2\/pages\/2191","targetHints":{"allow":["GET"]}}],"collection":[{"href":"https:\/\/sistemawalcon.com\/es\/wp-json\/wp\/v2\/pages"}],"about":[{"href":"https:\/\/sistemawalcon.com\/es\/wp-json\/wp\/v2\/types\/page"}],"author":[{"embeddable":true,"href":"https:\/\/sistemawalcon.com\/es\/wp-json\/wp\/v2\/users\/2"}],"replies":[{"embeddable":true,"href":"https:\/\/sistemawalcon.com\/es\/wp-json\/wp\/v2\/comments?post=2191"}],"version-history":[{"count":0,"href":"https:\/\/sistemawalcon.com\/es\/wp-json\/wp\/v2\/pages\/2191\/revisions"}],"wp:attachment":[{"href":"https:\/\/sistemawalcon.com\/es\/wp-json\/wp\/v2\/media?parent=2191"}],"curies":[{"name":"wp","href":"https:\/\/api.w.org\/{rel}","templated":true}]}}